{"id":2264,"date":"2021-07-30T13:36:39","date_gmt":"2021-07-30T13:36:39","guid":{"rendered":"https:\/\/escaleaumaroc.com\/?page_id=2264"},"modified":"2021-07-30T13:36:39","modified_gmt":"2021-07-30T13:36:39","slug":"search-map","status":"publish","type":"page","link":"https:\/\/brico-locations.com\/?page_id=2264","title":{"rendered":"Search map"},"content":{"rendered":"\t\t<div data-elementor-type=\"wp-page\" data-elementor-id=\"2264\" class=\"elementor elementor-2264\" data-elementor-post-type=\"page\">\n\t\t\t\t\t\t<section class=\"elementor-section elementor-top-section elementor-element elementor-element-1c942a3 elementor-section-full_width elementor-section-height-default elementor-section-height-default wpr-particle-no wpr-jarallax-no wpr-parallax-no wpr-sticky-section-no\" data-id=\"1c942a3\" data-element_type=\"section\">\n\t\t\t\t\t\t<div class=\"elementor-container elementor-column-gap-default\">\n\t\t\t\t\t<div class=\"elementor-column elementor-col-100 elementor-top-column elementor-element elementor-element-828a049\" data-id=\"828a049\" data-element_type=\"column\">\n\t\t\t<div class=\"elementor-widget-wrap elementor-element-populated\">\n\t\t\t\t\t\t<div class=\"elementor-element elementor-element-d718b49 elementor-widget elementor-widget-ovabrw_search_map\" data-id=\"d718b49\" data-element_type=\"widget\" data-widget_type=\"ovabrw_search_map.default\">\n\t\t\t\t<div class=\"elementor-widget-container\">\n\t\t\t\t\t\n<div class=\"elementor_search_map ova_have_map\">\n\t\t\t<div class=\"toggle_wrap\">\n\t\t\t<span data-value=\"wrap_search\" class=\"active\">R\u00e9sultats<\/span>\n\t\t\t<span data-value=\"wrap_map\">Carte<\/span>\n\t\t<\/div>\n\t\t<div class=\"wrap_search_map\">\n\t\t<!-- Search Map -->\n\t\t<div class=\"wrap_search\">\n\t\t\t\t\t\t\t<div class=\"fields_search ovabrw_wd_search\">\n\t\t\t\t\t<span class=\"toggle_filters \">\n\t\t\t\t\t\tActiver\/D\u00e9sactiver les filtres\t\t\t\t\t\t<i class=\"icon_down arrow_triangle-down\"><\/i>\n\t\t\t\t\t\t<i class=\"icon_up arrow_triangle-up\"><\/i>\n\t\t\t\t\t<\/span>\n\t\t\t\t\t<form class=\"form_search_map\" autocomplete=\"off\" autocapitalize=\"none\">\n\t\t\t\t\t\t<div class=\"wrap_content field\">\n\t\t\t\t\t\t\t\t\t\t\t\t\t\t\t\t\t\t\t<div class=\"label_search wrap_search_category\">\n\t\t\t\t\t\t\t\t\t\t\t\t\t<select  name='cat' id='cat' class='postform '>\n\t<option value='' selected='selected'>S\u00e9lectionnez une cat\u00e9gorie<\/option>\n\t<option class=\"level-0\" value=\"uncategorized\">Uncategorized<\/option>\n\t<option class=\"level-0\" value=\"outillage\">Outillage<\/option>\n\t<option class=\"level-1\" value=\"perceuse-visseuse\">&nbsp;&nbsp;&nbsp;Perceuse\/Visseuse<\/option>\n\t<option class=\"level-1\" value=\"scie-sauteuse\">&nbsp;&nbsp;&nbsp;Scie sauteuse<\/option>\n\t<option class=\"level-1\" value=\"scie-circulaire\">&nbsp;&nbsp;&nbsp;Scie circulaire<\/option>\n\t<option class=\"level-1\" value=\"scie-a-onglets\">&nbsp;&nbsp;&nbsp;Scie \u00e0 onglets<\/option>\n\t<option class=\"level-1\" value=\"scie-egoine\">&nbsp;&nbsp;&nbsp;Scie \u00e9go\u00efne<\/option>\n\t<option class=\"level-1\" value=\"scie-sabre\">&nbsp;&nbsp;&nbsp;Scie sabre<\/option>\n\t<option class=\"level-1\" value=\"ponceuse-excentrique\">&nbsp;&nbsp;&nbsp;Ponceuse excentrique<\/option>\n\t<option class=\"level-1\" value=\"ponceuse-vibrante\">&nbsp;&nbsp;&nbsp;Ponceuse vibrante<\/option>\n\t<option class=\"level-1\" value=\"ponceuse-a-bande\">&nbsp;&nbsp;&nbsp;Ponceuse \u00e0 bande<\/option>\n\t<option class=\"level-1\" value=\"ponceuse-plaquiste\">&nbsp;&nbsp;&nbsp;Ponceuse plaquiste<\/option>\n\t<option class=\"level-1\" value=\"ponceuse-parquet\">&nbsp;&nbsp;&nbsp;Ponceuse parquet<\/option>\n\t<option class=\"level-1\" value=\"cloueur-beton\">&nbsp;&nbsp;&nbsp;Cloueur b\u00e9ton<\/option>\n\t<option class=\"level-1\" value=\"cloueur-charpente\">&nbsp;&nbsp;&nbsp;Cloueur charpente<\/option>\n\t<option class=\"level-1\" value=\"cloueur-finition\">&nbsp;&nbsp;&nbsp;Cloueur finition<\/option>\n\t<option class=\"level-1\" value=\"perforateur\">&nbsp;&nbsp;&nbsp;Perforateur<\/option>\n\t<option class=\"level-1\" value=\"burineur\">&nbsp;&nbsp;&nbsp;Burineur<\/option>\n\t<option class=\"level-1\" value=\"meuleuse\">&nbsp;&nbsp;&nbsp;Meuleuse<\/option>\n\t<option class=\"level-1\" value=\"aspirateur-eau\">&nbsp;&nbsp;&nbsp;Aspirateur eau<\/option>\n\t<option class=\"level-1\" value=\"table-a-tapisser\">&nbsp;&nbsp;&nbsp;Table \u00e0 tapisser<\/option>\n\t<option class=\"level-1\" value=\"boite-a-outils\">&nbsp;&nbsp;&nbsp;Bo\u00eete \u00e0 outils<\/option>\n\t<option class=\"level-0\" value=\"gros-oeuvre\">Gros oeuvre<\/option>\n\t<option class=\"level-1\" value=\"betonniere-electrique\">&nbsp;&nbsp;&nbsp;B\u00e9tonni\u00e8re \u00e9lectrique<\/option>\n\t<option class=\"level-1\" value=\"betonniere-thermique\">&nbsp;&nbsp;&nbsp;B\u00e9tonni\u00e8re thermique<\/option>\n\t<option class=\"level-1\" value=\"melangeur-peinture\">&nbsp;&nbsp;&nbsp;M\u00e9langeur peinture<\/option>\n\t<option class=\"level-1\" value=\"melangeur-beton\">&nbsp;&nbsp;&nbsp;M\u00e9langeur b\u00e9ton<\/option>\n\t<option class=\"level-1\" value=\"perforateur-burineur\">&nbsp;&nbsp;&nbsp;Perforateur burineur<\/option>\n\t<option class=\"level-1\" value=\"marteau-piqueur\">&nbsp;&nbsp;&nbsp;Marteau piqueur<\/option>\n\t<option class=\"level-1\" value=\"brouette\">&nbsp;&nbsp;&nbsp;Brouette<\/option>\n\t<option class=\"level-1\" value=\"echelle\">&nbsp;&nbsp;&nbsp;\u00c9chelle<\/option>\n\t<option class=\"level-1\" value=\"echafaudage\">&nbsp;&nbsp;&nbsp;\u00c9chafaudage<\/option>\n\t<option class=\"level-1\" value=\"escabeau\">&nbsp;&nbsp;&nbsp;Escabeau<\/option>\n\t<option class=\"level-0\" value=\"jardinage\">jardinage<\/option>\n\t<option class=\"level-1\" value=\"tondeuse-thermique\">&nbsp;&nbsp;&nbsp;Tondeuse thermique<\/option>\n\t<option class=\"level-1\" value=\"tronconneuse\">&nbsp;&nbsp;&nbsp;Tron\u00e7onneuse<\/option>\n\t<option class=\"level-1\" value=\"taille-haie\">&nbsp;&nbsp;&nbsp;Taille haie<\/option>\n\t<option class=\"level-1\" value=\"coupe-bordure\">&nbsp;&nbsp;&nbsp;Coupe bordure<\/option>\n\t<option class=\"level-1\" value=\"debroussailleuse\">&nbsp;&nbsp;&nbsp;D\u00e9broussailleuse<\/option>\n\t<option class=\"level-1\" value=\"coupe-branche\">&nbsp;&nbsp;&nbsp;Coupe branche<\/option>\n\t<option class=\"level-1\" value=\"cisaille-a-branches\">&nbsp;&nbsp;&nbsp;Cisaille \u00e0 branches<\/option>\n\t<option class=\"level-1\" value=\"scie-a-perche\">&nbsp;&nbsp;&nbsp;Scie \u00e0 perche<\/option>\n\t<option class=\"level-1\" value=\"outil-jardin-multifonctions\">&nbsp;&nbsp;&nbsp;Outil jardin multifonctions<\/option>\n\t<option class=\"level-0\" value=\"nettoyage\">Nettoyage<\/option>\n\t<option class=\"level-1\" value=\"aspirateur\">&nbsp;&nbsp;&nbsp;Aspirateur<\/option>\n\t<option class=\"level-1\" value=\"aspirateur-eau-poussieres\">&nbsp;&nbsp;&nbsp;Aspirateur eau poussi\u00e8res<\/option>\n\t<option class=\"level-1\" value=\"aspirateur-souffleurs\">&nbsp;&nbsp;&nbsp;Aspirateur souffleurs<\/option>\n\t<option class=\"level-1\" value=\"nettoyeur-haute-pressions\">&nbsp;&nbsp;&nbsp;Nettoyeur haute pressions<\/option>\n\t<option class=\"level-1\" value=\"autolaveuses\">&nbsp;&nbsp;&nbsp;Autolaveuses<\/option>\n\t<option class=\"level-1\" value=\"brosses\">&nbsp;&nbsp;&nbsp;Brosses<\/option>\n\t<option class=\"level-1\" value=\"nettoyeur-vapeur\">&nbsp;&nbsp;&nbsp;Nettoyeur vapeur<\/option>\n\t<option class=\"level-1\" value=\"lave-vitres\">&nbsp;&nbsp;&nbsp;Lave vitres<\/option>\n\t<option class=\"level-1\" value=\"shampouineuse-textile\">&nbsp;&nbsp;&nbsp;Shampouineuse textile<\/option>\n\t<option class=\"level-1\" value=\"shampouineuse-karcher\">&nbsp;&nbsp;&nbsp;Shampouineuse Karcher<\/option>\n\t<option class=\"level-0\" value=\"sports-loisirs\">Sports Loisirs<\/option>\n\t<option class=\"level-1\" value=\"trotinettes\">&nbsp;&nbsp;&nbsp;Trotinettes<\/option>\n\t<option class=\"level-1\" value=\"velosvttvtc\">&nbsp;&nbsp;&nbsp;Velos,VTT,VTC<\/option>\n\t<option class=\"level-1\" value=\"skates-longboards\">&nbsp;&nbsp;&nbsp;Skates, longboards<\/option>\n\t<option class=\"level-1\" value=\"hoverboards\">&nbsp;&nbsp;&nbsp;Hoverboards<\/option>\n\t<option class=\"level-1\" value=\"tentes-de-camping\">&nbsp;&nbsp;&nbsp;Tentes de camping<\/option>\n\t<option class=\"level-1\" value=\"sacs-de-couchage\">&nbsp;&nbsp;&nbsp;Sacs de couchage<\/option>\n\t<option class=\"level-1\" value=\"sac-a-dos-de-rando\">&nbsp;&nbsp;&nbsp;Sac \u00e0 dos de rando<\/option>\n\t<option class=\"level-1\" value=\"raquettes-de-tennis\">&nbsp;&nbsp;&nbsp;Raquettes de tennis<\/option>\n\t<option class=\"level-1\" value=\"raquettes-de-badminton\">&nbsp;&nbsp;&nbsp;Raquettes de badminton<\/option>\n\t<option class=\"level-1\" value=\"filet-de-badminton-ou-volley\">&nbsp;&nbsp;&nbsp;Filet de badminton ou volley<\/option>\n\t<option class=\"level-1\" value=\"skis-adultes-enfants\">&nbsp;&nbsp;&nbsp;Skis adultes \/ enfants<\/option>\n\t<option class=\"level-1\" value=\"snowboards\">&nbsp;&nbsp;&nbsp;Snowboards<\/option>\n\t<option class=\"level-1\" value=\"luges\">&nbsp;&nbsp;&nbsp;Luges<\/option>\n\t<option class=\"level-1\" value=\"batons-chaussures-de-ski\">&nbsp;&nbsp;&nbsp;B\u00e2tons, chaussures, de ski<\/option>\n\t<option class=\"level-0\" value=\"vrlos-electriques\">Vrlos electriques<\/option>\n<\/select>\n\t\t\t\t\t\t\t\t\t\t\t\t<\/div>\n\t\t\t\t\t\t\t\t\t\t\t\t\t\t\t\t\t\t\t\t\t\t\t\t<div class=\"label_search wrap_search_start_date\">\n\t\t\t\t\t\t\t\t\t\t\t\t\t<input type=\"text\" name=\"ovabrw_pickup_date\" \n\t\t\t\t\t\t\t\t\t\t\t\t\t\t\tvalue=\"\" \n\t\t\t\t\t\t\t\t\t\t\t\t\t\t\tonkeydown=\"return false\" \n\t\t\t\t\t\t\t\t\t\t\t\t\t\t\tclass=\"ovabrw_datetimepicker ovabrw_start_date\" \n\t\t\t\t\t\t\t\t\t\t\t\t\t\t\tplaceholder=\"Date de prise en charge ...\" autocomplete=\"off\" \n\t\t\t\t\t\t\t\t\t\t\t\t\t\t\tdata-hour_default=\"07:00\" \n\t\t\t\t\t\t\t\t\t\t\t\t\t\t\tdata-time_step=\"30\" \n\t\t\t\t\t\t\t\t\t\t\t\t\t\t\tdata-dateformat=\"d-m-Y\" \n\t\t\t\t\t\t\t\t\t\t\t\t\t\t\tdata-firstday=\"1\" \n\t\t\t\t\t\t\t\t\t\t\t\t\t\t\ttimepicker=\"true\" \/>\n\t\t\t\t\t\t\t\t\t\t\t\t<\/div>\n\t\t\t\t\t\t\t\t\t\t\t\t\t\t\t\t\t\t\t\t\t\t\t\t<div class=\"label_search wrap_search_end_date\">\n\t\t\t\t\t\t\t\t\t\t\t\t\t<input type=\"text\" name=\"ovabrw_pickoff_date\" \n\t\t\t\t\t\t\t\t\t\t\t\t\t\t\tvalue=\"\" \n\t\t\t\t\t\t\t\t\t\t\t\t\t\t\tonkeydown=\"return false\" \n\t\t\t\t\t\t\t\t\t\t\t\t\t\t\tclass=\"ovabrw_datetimepicker ovabrw_end_date\" \n\t\t\t\t\t\t\t\t\t\t\t\t\t\t\tplaceholder=\"Date de d\u00e9p\u00f4t ...\" autocomplete=\"off\" \n\t\t\t\t\t\t\t\t\t\t\t\t\t\t\tdata-hour_default=\"07:00\" \n\t\t\t\t\t\t\t\t\t\t\t\t\t\t\tdata-time_step=\"30\" \n\t\t\t\t\t\t\t\t\t\t\t\t\t\t\tdata-dateformat=\"d-m-Y\" \n\t\t\t\t\t\t\t\t\t\t\t\t\t\t\tdata-firstday=\"1\" \n\t\t\t\t\t\t\t\t\t\t\t\t\t\t\ttimepicker=\"true\" \/>\n\t\t\t\t\t\t\t\t\t\t\t\t<\/div>\n\t\t\t\t\t\t\t\t\t\t\t\t\t\t\t\t\t\t\t\t\t\t\t\t<div class=\"label_search wrap_search_name\">\n\t\t\t\t\t\t\t\t\t\t\t\t\t<input type=\"text\" name=\"ovabrw_name_product\" autocomplete=\"off\" \n\t\t\t\t\t\t\t\t\t\t\t\t\t\t\tvalue=\"\" \n\t\t\t\t\t\t\t\t\t\t\t\t\t\t\tautocapitalize=\"none\" \n\t\t\t\t\t\t\t\t\t\t\t\t\t\t\tplaceholder=\"Nom du produit\" \/>\n\t\t\t\t\t\t\t\t\t\t\t\t<\/div>\n\t\t\t\t\t\t\t\t\t\t\t\t\t\t\t\t\t\t\t\t\t\t\t\t<div class=\"label_search wrap_search_tag ovabrw_wd_search\">\n\t\t\t\t\t\t\t\t\t\t\t\t\t<input type=\"text\" name=\"ovabrw_tag_product\" autocomplete=\"off\" \n\t\t\t\t\t\t\t\t\t\t\t\t\t\t\tvalue=\"\" \n\t\t\t\t\t\t\t\t\t\t\t\t\t\t\tautocapitalize=\"none\" \n\t\t\t\t\t\t\t\t\t\t\t\t\t\t\tplaceholder=\"\u00c9tiquette du produit\" \/>\n\t\t\t\t\t\t\t\t\t\t\t\t<\/div>\n\t\t\t\t\t\t\t\t\t\t\t\t\t\t\t\t\t\t\t\t\t\t\t\t<div class=\"label_search wrap_search_location\">\n\t\t\t\t\t\t\t\t\t\t\t\t\t<input type=\"hidden\" name=\"map_lat\" id=\"map_lat\" autocomplete=\"off\" autocapitalize=\"none\" value=\"\" \/>\n\t\t\t\t\t\t\t\t\t\t\t\t\t<input type=\"hidden\" name=\"map_lng\" id=\"map_lng\" autocomplete=\"off\" autocapitalize=\"none\" value=\"\" \/>\n\t\t\t\t\t\t\t\t\t\t\t\t\t<input type=\"text\" id=\"pac-input\" name=\"map_address\" class=\"controls\" \n\t\t\t\t\t\t\t\t\t\t\t\t\t\t\tplaceholder=\"Emplacement\" \n\t\t\t\t\t\t\t\t\t\t\t\t\t\t\tautocomplete=\"off\" autocapitalize=\"none\" \n\t\t\t\t\t\t\t\t\t\t\t\t\t\t\tvalue=\"\" \/>\n\t\t\t\t\t\t\t\t\t\t\t\t\t<i class=\"locate_me icon_circle-slelected\" id=\"locate_me\" title=\"Trouver mon emplacement\"><\/i>\n\t\t\t\t\t\t\t\t\t\t\t\t\t<input type=\"hidden\" value=\"\" name=\"map_name\" id=\"map_name\"  \n\t\t\t\t\t\t\t\t\t\t\t\t\t\t\tautocomplete=\"off\" autocapitalize=\"none\" \n\t\t\t\t\t\t\t\t\t\t\t\t\t\t\tvalue=\"\" \/>\n\t\t\t\t\t\t\t\t\t\t\t\t<\/div>\n\t\t\t\t\t\t\t\t\t\t\t\t\t\t\t\t\t\t\t\t\t<div class=\"show_taxonomy\" data-show_taxonomy=\"yes\"><\/div>\n\t\t\t\t\t\t\t\t\t\t\t\t\t\t\t\t<input \ttype=\"hidden\" id=\"data_taxonomy_custom\" name=\"data_taxonomy_custom\" \n\t\t\t\t\t\t\t\t\tvalue=\"[]\" \/>\n\t\t\t\t\t\t<\/div><!-- wrap_content -->\n\n\t\t\t\t\t\t<!-- Radius -->\n\t\t\t\t\t\t<div class=\"wrap_search_radius\" \n\t\t\t\t\t\t\tdata-map_range_radius=\"50\" \n\t\t\t\t\t\t\tdata-map_range_radius_min=\"0\" \n\t\t\t\t\t\t\tdata-map_range_radius_max=\"100\">\n\t\t\t\t\t\t\t<span>Rayon:<\/span>\n\t\t\t\t\t\t\t<span class=\"result_radius\">50km<\/span>\n\t\t\t\t\t\t\t<div id=\"wrap_pointer\"><\/div>\n\t\t\t\t\t\t\t<input \ttype=\"hidden\" value=\"50\" name=\"radius\">\n\t\t\t\t\t\t<\/div>\n\t\t\t\t\t\t<!-- End Radius -->\n\n\t\t\t\t\t\t<!-- Filter title -->\n\t\t\t\t\t\t<div class=\"wrap_search_filter_title\">\n\t\t\t\t\t\t\t<div class=\"results_found\"><\/div>\n\t\t\t\t\t\t\t<div id=\"search_sort\">\n\t\t\t\t\t\t\t\t\t\t\t\t\t\t\t\t<select name=\"sort\">\n\t\t\t\t\t\t\t\t\t<option value=\"\">Trier par<\/option>\n\t\t\t\t\t\t\t\t\t<option value=\"date-desc\" >\n\t\t\t\t\t\t\t\t\t\tLe plus r\u00e9cent en premier\t\t\t\t\t\t\t\t\t<\/option>\n\t\t\t\t\t\t\t\t\t<option value=\"date-asc\" >\n\t\t\t\t\t\t\t\t\t\tLe plus ancien en premier\t\t\t\t\t\t\t\t\t<\/option>\n\t\t\t\t\t\t\t\t\t<option value=\"a-z\" >\n\t\t\t\t\t\t\t\t\t\tA-Z\t\t\t\t\t\t\t\t\t<\/option>\n\t\t\t\t\t\t\t\t\t<option value=\"z-a\"  >\n\t\t\t\t\t\t\t\t\t\tPOUR\t\t\t\t\t\t\t\t\t<\/option>\n\t\t\t\t\t\t\t\t<\/select>\n\t\t\t\t\t\t\t<\/div>\n\t\t\t\t\t\t<\/div><!-- End filter title -->\n\t\t\t\t\t<\/form>\n\t\t\t\t<\/div><!-- fields_search -->\n\t\t\t\n\t\t\t<!-- Load more -->\n\t\t\t<div class=\"wrap_load_more\" style=\"display: none;\">\n\t\t\t\t<svg class=\"loader\" width=\"50\" height=\"50\">\n\t\t\t\t\t<circle cx=\"25\" cy=\"25\" r=\"10\" stroke=\"#e86c60\"\/>\n\t\t\t\t\t<circle cx=\"25\" cy=\"25\" r=\"20\" stroke=\"#e86c60\"\/>\n\t\t\t\t<\/svg>\n\t\t\t<\/div>\n\t\t\t<!-- End load more -->\n\n\t\t\t<!-- Search result -->\n\t\t\t<div id=\"search_result\" class=\"search_result\" \n\t\t\t\t data-type=\"type1\" \n\t\t\t\t data-column=\"two-column\" \n\t\t\t\t data-zoom=\"5\" \n\t\t\t\t data-order=\"ASC\" \n\t\t\t\t data-orderby=\"featured\" \n\t\t\t\t data-per_page=\"12\" \n\t\t\t\t data-lat=\"39.177972\" \n\t\t\t\t data-lng=\"-100.36375\" \n\t\t\t\t data-marker_option=\"icon\" \n\t\t\t\t data-marker_icon=\"\" \n\t\t\t\t data-show_featured=\"\" \n\t\t\t\t data-radius=\"km\">\n\n\n\t\t\t\t<div class=\"ovabrw_product_archive type1 two-column\"><\/div><!-- ovabrw_product_archive -->\n\t\t\t<\/div><!-- search_result -->\n\t\t\t<!-- Search result -->\n\t\t<\/div><!-- wrap_search -->\n\n\t\t\t\t\t<div class=\"wrap_map\">\n\t\t\t\t<div id=\"show_map\"><\/div>\n\t\t\t<\/div>\n\t\t\t<\/div>\n<\/div>\n<!-- wc_set_loop_prop( 'columns', 1 ); -->\t\t\t\t<\/div>\n\t\t\t\t<\/div>\n\t\t\t\t\t<\/div>\n\t\t<\/div>\n\t\t\t\t\t<\/div>\n\t\t<\/section>\n\t\t\t\t<\/div>\n\t\t","protected":false},"excerpt":{"rendered":"<p>Results Map Toggle Filters Select CategoryCar&nbsp;&nbsp;&nbsp;Audi&nbsp;&nbsp;&nbsp;BMW&nbsp;&nbsp;&nbsp;Ford&nbsp;&nbsp;&nbsp;Mercedes&nbsp;&nbsp;&nbsp;Porsche&nbsp;&nbsp;&nbsp;ToyotaHouse&nbsp;&nbsp;&nbsp;Home Stay&nbsp;&nbsp;&nbsp;HotelMachines&nbsp;&nbsp;&nbsp;Aerial Work&nbsp;&nbsp;&nbsp;Boom Truck&nbsp;&nbsp;&nbsp;Concrete Pump&nbsp;&nbsp;&nbsp;Excavator&nbsp;&nbsp;&nbsp;ForkliftTransportation&nbsp;&nbsp;&nbsp;1 Ton&nbsp;&nbsp;&nbsp;2 Tons&nbsp;&nbsp;&nbsp;5 Tons Select Model2.4 MT2.0 AT Select Year20172018201920202021 Select Fuel TypePetrolOil Select Engine Size4.0L3.0L Select Doors4 door5 door Select Cylinders56 Select ColorBlackSilverYellow Select LocationLos AngelesNew YorkSan Diego Select TypeSedanCoupeSUV Select BrandManitex Inc.Wacker Neuson Select Weight0.5 Ton1 &#8211; 3 Ton4 Ton5 Ton Select Machines ModelMini MD45Mid DF87EZ17 Select Area20 m230 m240 m2 Select ViewMountainRiverCity Select Bed1 bed2 bed3 bed4 bed Select SizeSmallMediumLarge Radius: 50km Sort By Newest First Oldest First A-Z Z-A<\/p>\n","protected":false},"author":1,"featured_media":0,"parent":0,"menu_order":0,"comment_status":"closed","ping_status":"closed","template":"elementor_header_footer","meta":{"footnotes":""},"class_list":["post-2264","page","type-page","status-publish","hentry"],"yoast_head":"<!-- This site is optimized with the Yoast SEO Premium plugin v25.6 (Yoast SEO v26.7) - https:\/\/yoast.com\/wordpress\/plugins\/seo\/ -->\n<title>Search map - Brico Locations<\/title>\n<meta name=\"robots\" content=\"index, follow, max-snippet:-1, max-image-preview:large, max-video-preview:-1\" \/>\n<link rel=\"canonical\" href=\"https:\/\/brico-locations.com\/?page_id=2264\" \/>\n<meta property=\"og:locale\" content=\"fr_FR\" \/>\n<meta property=\"og:type\" content=\"article\" \/>\n<meta property=\"og:title\" content=\"Search map\" \/>\n<meta property=\"og:description\" content=\"Results Map Toggle Filters Select CategoryCar&nbsp;&nbsp;&nbsp;Audi&nbsp;&nbsp;&nbsp;BMW&nbsp;&nbsp;&nbsp;Ford&nbsp;&nbsp;&nbsp;Mercedes&nbsp;&nbsp;&nbsp;Porsche&nbsp;&nbsp;&nbsp;ToyotaHouse&nbsp;&nbsp;&nbsp;Home Stay&nbsp;&nbsp;&nbsp;HotelMachines&nbsp;&nbsp;&nbsp;Aerial Work&nbsp;&nbsp;&nbsp;Boom Truck&nbsp;&nbsp;&nbsp;Concrete Pump&nbsp;&nbsp;&nbsp;Excavator&nbsp;&nbsp;&nbsp;ForkliftTransportation&nbsp;&nbsp;&nbsp;1 Ton&nbsp;&nbsp;&nbsp;2 Tons&nbsp;&nbsp;&nbsp;5 Tons Select Model2.4 MT2.0 AT Select Year20172018201920202021 Select Fuel TypePetrolOil Select Engine Size4.0L3.0L Select Doors4 door5 door Select Cylinders56 Select ColorBlackSilverYellow Select LocationLos AngelesNew YorkSan Diego Select TypeSedanCoupeSUV Select BrandManitex Inc.Wacker Neuson Select Weight0.5 Ton1 &#8211; 3 Ton4 Ton5 Ton Select Machines ModelMini MD45Mid DF87EZ17 Select Area20 m230 m240 m2 Select ViewMountainRiverCity Select Bed1 bed2 bed3 bed4 bed Select SizeSmallMediumLarge Radius: 50km Sort By Newest First Oldest First A-Z Z-A\" \/>\n<meta property=\"og:url\" content=\"https:\/\/brico-locations.com\/?page_id=2264\" \/>\n<meta property=\"og:site_name\" content=\"Brico Locations\" \/>\n<meta property=\"og:image\" content=\"https:\/\/brico-locations.com\/wp-content\/uploads\/2025\/06\/bricolage.jpg\" \/>\n\t<meta property=\"og:image:width\" content=\"1890\" \/>\n\t<meta property=\"og:image:height\" content=\"528\" \/>\n\t<meta property=\"og:image:type\" content=\"image\/jpeg\" \/>\n<meta name=\"twitter:card\" content=\"summary_large_image\" \/>\n<meta name=\"twitter:label1\" content=\"Dur\u00e9e de lecture estim\u00e9e\" \/>\n\t<meta name=\"twitter:data1\" content=\"1 minute\" \/>\n<script type=\"application\/ld+json\" class=\"yoast-schema-graph\">{\"@context\":\"https:\/\/schema.org\",\"@graph\":[{\"@type\":\"WebPage\",\"@id\":\"https:\/\/brico-locations.com\/?page_id=2264\",\"url\":\"https:\/\/brico-locations.com\/?page_id=2264\",\"name\":\"Search map - Brico Locations\",\"isPartOf\":{\"@id\":\"https:\/\/brico-locations.com\/#website\"},\"datePublished\":\"2021-07-30T13:36:39+00:00\",\"breadcrumb\":{\"@id\":\"https:\/\/brico-locations.com\/?page_id=2264#breadcrumb\"},\"inLanguage\":\"fr-FR\",\"potentialAction\":[{\"@type\":\"ReadAction\",\"target\":[\"https:\/\/brico-locations.com\/?page_id=2264\"]}]},{\"@type\":\"BreadcrumbList\",\"@id\":\"https:\/\/brico-locations.com\/?page_id=2264#breadcrumb\",\"itemListElement\":[{\"@type\":\"ListItem\",\"position\":1,\"name\":\"Home\",\"item\":\"https:\/\/brico-locations.com\/\"},{\"@type\":\"ListItem\",\"position\":2,\"name\":\"Search map\"}]},{\"@type\":\"WebSite\",\"@id\":\"https:\/\/brico-locations.com\/#website\",\"url\":\"https:\/\/brico-locations.com\/\",\"name\":\"Brico Locations\",\"description\":\"Location de Materiel entre particuliers\",\"publisher\":{\"@id\":\"https:\/\/brico-locations.com\/#organization\"},\"potentialAction\":[{\"@type\":\"SearchAction\",\"target\":{\"@type\":\"EntryPoint\",\"urlTemplate\":\"https:\/\/brico-locations.com\/?s={search_term_string}\"},\"query-input\":{\"@type\":\"PropertyValueSpecification\",\"valueRequired\":true,\"valueName\":\"search_term_string\"}}],\"inLanguage\":\"fr-FR\"},{\"@type\":\"Organization\",\"@id\":\"https:\/\/brico-locations.com\/#organization\",\"name\":\"Brico Locations\",\"url\":\"https:\/\/brico-locations.com\/\",\"logo\":{\"@type\":\"ImageObject\",\"inLanguage\":\"fr-FR\",\"@id\":\"https:\/\/brico-locations.com\/#\/schema\/logo\/image\/\",\"url\":\"https:\/\/brico-locations.com\/wp-content\/uploads\/2025\/07\/Untitled-design-84.png\",\"contentUrl\":\"https:\/\/brico-locations.com\/wp-content\/uploads\/2025\/07\/Untitled-design-84.png\",\"width\":500,\"height\":200,\"caption\":\"Brico Locations\"},\"image\":{\"@id\":\"https:\/\/brico-locations.com\/#\/schema\/logo\/image\/\"}}]}<\/script>\n<!-- \/ Yoast SEO Premium plugin. -->","yoast_head_json":{"title":"Search map - Brico Locations","robots":{"index":"index","follow":"follow","max-snippet":"max-snippet:-1","max-image-preview":"max-image-preview:large","max-video-preview":"max-video-preview:-1"},"canonical":"https:\/\/brico-locations.com\/?page_id=2264","og_locale":"fr_FR","og_type":"article","og_title":"Search map","og_description":"Results Map Toggle Filters Select CategoryCar&nbsp;&nbsp;&nbsp;Audi&nbsp;&nbsp;&nbsp;BMW&nbsp;&nbsp;&nbsp;Ford&nbsp;&nbsp;&nbsp;Mercedes&nbsp;&nbsp;&nbsp;Porsche&nbsp;&nbsp;&nbsp;ToyotaHouse&nbsp;&nbsp;&nbsp;Home Stay&nbsp;&nbsp;&nbsp;HotelMachines&nbsp;&nbsp;&nbsp;Aerial Work&nbsp;&nbsp;&nbsp;Boom Truck&nbsp;&nbsp;&nbsp;Concrete Pump&nbsp;&nbsp;&nbsp;Excavator&nbsp;&nbsp;&nbsp;ForkliftTransportation&nbsp;&nbsp;&nbsp;1 Ton&nbsp;&nbsp;&nbsp;2 Tons&nbsp;&nbsp;&nbsp;5 Tons Select Model2.4 MT2.0 AT Select Year20172018201920202021 Select Fuel TypePetrolOil Select Engine Size4.0L3.0L Select Doors4 door5 door Select Cylinders56 Select ColorBlackSilverYellow Select LocationLos AngelesNew YorkSan Diego Select TypeSedanCoupeSUV Select BrandManitex Inc.Wacker Neuson Select Weight0.5 Ton1 &#8211; 3 Ton4 Ton5 Ton Select Machines ModelMini MD45Mid DF87EZ17 Select Area20 m230 m240 m2 Select ViewMountainRiverCity Select Bed1 bed2 bed3 bed4 bed Select SizeSmallMediumLarge Radius: 50km Sort By Newest First Oldest First A-Z Z-A","og_url":"https:\/\/brico-locations.com\/?page_id=2264","og_site_name":"Brico Locations","og_image":[{"width":1890,"height":528,"url":"https:\/\/brico-locations.com\/wp-content\/uploads\/2025\/06\/bricolage.jpg","type":"image\/jpeg"}],"twitter_card":"summary_large_image","twitter_misc":{"Dur\u00e9e de lecture estim\u00e9e":"1 minute"},"schema":{"@context":"https:\/\/schema.org","@graph":[{"@type":"WebPage","@id":"https:\/\/brico-locations.com\/?page_id=2264","url":"https:\/\/brico-locations.com\/?page_id=2264","name":"Search map - Brico Locations","isPartOf":{"@id":"https:\/\/brico-locations.com\/#website"},"datePublished":"2021-07-30T13:36:39+00:00","breadcrumb":{"@id":"https:\/\/brico-locations.com\/?page_id=2264#breadcrumb"},"inLanguage":"fr-FR","potentialAction":[{"@type":"ReadAction","target":["https:\/\/brico-locations.com\/?page_id=2264"]}]},{"@type":"BreadcrumbList","@id":"https:\/\/brico-locations.com\/?page_id=2264#breadcrumb","itemListElement":[{"@type":"ListItem","position":1,"name":"Home","item":"https:\/\/brico-locations.com\/"},{"@type":"ListItem","position":2,"name":"Search map"}]},{"@type":"WebSite","@id":"https:\/\/brico-locations.com\/#website","url":"https:\/\/brico-locations.com\/","name":"Brico Locations","description":"Location de Materiel entre particuliers","publisher":{"@id":"https:\/\/brico-locations.com\/#organization"},"potentialAction":[{"@type":"SearchAction","target":{"@type":"EntryPoint","urlTemplate":"https:\/\/brico-locations.com\/?s={search_term_string}"},"query-input":{"@type":"PropertyValueSpecification","valueRequired":true,"valueName":"search_term_string"}}],"inLanguage":"fr-FR"},{"@type":"Organization","@id":"https:\/\/brico-locations.com\/#organization","name":"Brico Locations","url":"https:\/\/brico-locations.com\/","logo":{"@type":"ImageObject","inLanguage":"fr-FR","@id":"https:\/\/brico-locations.com\/#\/schema\/logo\/image\/","url":"https:\/\/brico-locations.com\/wp-content\/uploads\/2025\/07\/Untitled-design-84.png","contentUrl":"https:\/\/brico-locations.com\/wp-content\/uploads\/2025\/07\/Untitled-design-84.png","width":500,"height":200,"caption":"Brico Locations"},"image":{"@id":"https:\/\/brico-locations.com\/#\/schema\/logo\/image\/"}}]}},"acf":[],"_links":{"self":[{"href":"https:\/\/brico-locations.com\/index.php?rest_route=\/wp\/v2\/pages\/2264","targetHints":{"allow":["GET"]}}],"collection":[{"href":"https:\/\/brico-locations.com\/index.php?rest_route=\/wp\/v2\/pages"}],"about":[{"href":"https:\/\/brico-locations.com\/index.php?rest_route=\/wp\/v2\/types\/page"}],"author":[{"embeddable":true,"href":"https:\/\/brico-locations.com\/index.php?rest_route=\/wp\/v2\/users\/1"}],"replies":[{"embeddable":true,"href":"https:\/\/brico-locations.com\/index.php?rest_route=%2Fwp%2Fv2%2Fcomments&post=2264"}],"version-history":[{"count":0,"href":"https:\/\/brico-locations.com\/index.php?rest_route=\/wp\/v2\/pages\/2264\/revisions"}],"wp:attachment":[{"href":"https:\/\/brico-locations.com\/index.php?rest_route=%2Fwp%2Fv2%2Fmedia&parent=2264"}],"curies":[{"name":"wp","href":"https:\/\/api.w.org\/{rel}","templated":true}]}}