{"id":4318,"date":"2025-07-16T08:37:06","date_gmt":"2025-07-16T06:37:06","guid":{"rendered":"https:\/\/brico-locations.com\/?page_id=4318"},"modified":"2025-07-16T08:44:08","modified_gmt":"2025-07-16T06:44:08","slug":"mentions-legales","status":"publish","type":"page","link":"https:\/\/brico-locations.com\/?page_id=4318","title":{"rendered":"Mentions L\u00e9gales"},"content":{"rendered":"\t\t<div data-elementor-type=\"wp-page\" data-elementor-id=\"4318\" class=\"elementor elementor-4318\" data-elementor-post-type=\"page\">\n\t\t\t\t<div class=\"elementor-element elementor-element-50434a7 e-flex e-con-boxed wpr-particle-no wpr-jarallax-no wpr-parallax-no wpr-sticky-section-no e-con e-parent\" data-id=\"50434a7\" data-element_type=\"container\">\n\t\t\t\t\t<div class=\"e-con-inner\">\n\t\t\t\t<div class=\"elementor-element elementor-element-9354c8c elementor-widget elementor-widget-text-editor\" data-id=\"9354c8c\" data-element_type=\"widget\" data-widget_type=\"text-editor.default\">\n\t\t\t\t<div class=\"elementor-widget-container\">\n\t\t\t\t\t\t\t\t\t<div><h2><strong>Mentions l\u00e9gales<\/strong><\/h2><p>Le site internet <a href=\"http:\/\/www.brico-locations.com\"><u>www.brico-locations.com<\/u><\/a> est \u00e9dit\u00e9 par :La soci\u00e9t\u00e9 JC INFO<\/p><p>La soci\u00e9t\u00e9 JC INFO est immatricul\u00e9e au RCS de de Bordeaux sous le num\u00e9ro B 398 232 082<\/p><p>Si\u00e8ge social : 74 Rue Georges Bonnac 359 Jardins de Gambetta Tour 3, 33000 Bordeaux &#8211; FRANCE<\/p><p>Adresse \u00e9lectronique : <a href=\"mailto:contact@toolzy.io\"><u>contact@<\/u><\/a>brico-locations.com<\/p><\/div><p>.<\/p>\t\t\t\t\t\t\t\t<\/div>\n\t\t\t\t<\/div>\n\t\t\t\t\t<\/div>\n\t\t\t\t<\/div>\n\t\t\t\t<\/div>\n\t\t","protected":false},"excerpt":{"rendered":"<p>Mentions l\u00e9gales Le site internet www.brico-locations.com est \u00e9dit\u00e9 par :La soci\u00e9t\u00e9 JC INFO La soci\u00e9t\u00e9 JC INFO est immatricul\u00e9e au RCS de de Bordeaux sous le num\u00e9ro B 398 232 082 Si\u00e8ge social : 74 Rue Georges Bonnac 359 Jardins de Gambetta Tour 3, 33000 Bordeaux &#8211; FRANCE Adresse \u00e9lectronique : contact@brico-locations.com .<\/p>\n","protected":false},"author":1,"featured_media":0,"parent":0,"menu_order":0,"comment_status":"closed","ping_status":"closed","template":"","meta":{"footnotes":""},"class_list":["post-4318","page","type-page","status-publish","hentry"],"yoast_head":"<!-- This site is optimized with the Yoast SEO Premium plugin v25.6 (Yoast SEO v26.7) - https:\/\/yoast.com\/wordpress\/plugins\/seo\/ -->\n<title>Mentions L\u00e9gales - Brico Locations<\/title>\n<meta name=\"robots\" content=\"index, follow, max-snippet:-1, max-image-preview:large, max-video-preview:-1\" \/>\n<link rel=\"canonical\" href=\"https:\/\/brico-locations.com\/?page_id=4318\" \/>\n<meta property=\"og:locale\" content=\"fr_FR\" \/>\n<meta property=\"og:type\" content=\"article\" \/>\n<meta property=\"og:title\" content=\"Mentions L\u00e9gales\" \/>\n<meta property=\"og:description\" content=\"Mentions l\u00e9gales Le site internet www.brico-locations.com est \u00e9dit\u00e9 par :La soci\u00e9t\u00e9 JC INFO La soci\u00e9t\u00e9 JC INFO est immatricul\u00e9e au RCS de de Bordeaux sous le num\u00e9ro B 398 232 082 Si\u00e8ge social : 74 Rue Georges Bonnac 359 Jardins de Gambetta Tour 3, 33000 Bordeaux &#8211; FRANCE Adresse \u00e9lectronique : contact@brico-locations.com .\" \/>\n<meta property=\"og:url\" content=\"https:\/\/brico-locations.com\/?page_id=4318\" \/>\n<meta property=\"og:site_name\" content=\"Brico Locations\" \/>\n<meta property=\"article:modified_time\" content=\"2025-07-16T06:44:08+00:00\" \/>\n<meta property=\"og:image\" content=\"https:\/\/brico-locations.com\/wp-content\/uploads\/2025\/06\/bricolage.jpg\" \/>\n\t<meta property=\"og:image:width\" content=\"1890\" \/>\n\t<meta property=\"og:image:height\" content=\"528\" \/>\n\t<meta property=\"og:image:type\" content=\"image\/jpeg\" \/>\n<meta name=\"twitter:card\" content=\"summary_large_image\" \/>\n<script type=\"application\/ld+json\" class=\"yoast-schema-graph\">{\"@context\":\"https:\/\/schema.org\",\"@graph\":[{\"@type\":\"WebPage\",\"@id\":\"https:\/\/brico-locations.com\/?page_id=4318\",\"url\":\"https:\/\/brico-locations.com\/?page_id=4318\",\"name\":\"Mentions L\u00e9gales - Brico Locations\",\"isPartOf\":{\"@id\":\"https:\/\/brico-locations.com\/#website\"},\"datePublished\":\"2025-07-16T06:37:06+00:00\",\"dateModified\":\"2025-07-16T06:44:08+00:00\",\"breadcrumb\":{\"@id\":\"https:\/\/brico-locations.com\/?page_id=4318#breadcrumb\"},\"inLanguage\":\"fr-FR\",\"potentialAction\":[{\"@type\":\"ReadAction\",\"target\":[\"https:\/\/brico-locations.com\/?page_id=4318\"]}]},{\"@type\":\"BreadcrumbList\",\"@id\":\"https:\/\/brico-locations.com\/?page_id=4318#breadcrumb\",\"itemListElement\":[{\"@type\":\"ListItem\",\"position\":1,\"name\":\"Home\",\"item\":\"https:\/\/brico-locations.com\/\"},{\"@type\":\"ListItem\",\"position\":2,\"name\":\"Mentions L\u00e9gales\"}]},{\"@type\":\"WebSite\",\"@id\":\"https:\/\/brico-locations.com\/#website\",\"url\":\"https:\/\/brico-locations.com\/\",\"name\":\"Brico Locations\",\"description\":\"Location de Materiel entre particuliers\",\"publisher\":{\"@id\":\"https:\/\/brico-locations.com\/#organization\"},\"potentialAction\":[{\"@type\":\"SearchAction\",\"target\":{\"@type\":\"EntryPoint\",\"urlTemplate\":\"https:\/\/brico-locations.com\/?s={search_term_string}\"},\"query-input\":{\"@type\":\"PropertyValueSpecification\",\"valueRequired\":true,\"valueName\":\"search_term_string\"}}],\"inLanguage\":\"fr-FR\"},{\"@type\":\"Organization\",\"@id\":\"https:\/\/brico-locations.com\/#organization\",\"name\":\"Brico Locations\",\"url\":\"https:\/\/brico-locations.com\/\",\"logo\":{\"@type\":\"ImageObject\",\"inLanguage\":\"fr-FR\",\"@id\":\"https:\/\/brico-locations.com\/#\/schema\/logo\/image\/\",\"url\":\"https:\/\/brico-locations.com\/wp-content\/uploads\/2025\/07\/Untitled-design-84.png\",\"contentUrl\":\"https:\/\/brico-locations.com\/wp-content\/uploads\/2025\/07\/Untitled-design-84.png\",\"width\":500,\"height\":200,\"caption\":\"Brico Locations\"},\"image\":{\"@id\":\"https:\/\/brico-locations.com\/#\/schema\/logo\/image\/\"}}]}<\/script>\n<!-- \/ Yoast SEO Premium plugin. -->","yoast_head_json":{"title":"Mentions L\u00e9gales - Brico Locations","robots":{"index":"index","follow":"follow","max-snippet":"max-snippet:-1","max-image-preview":"max-image-preview:large","max-video-preview":"max-video-preview:-1"},"canonical":"https:\/\/brico-locations.com\/?page_id=4318","og_locale":"fr_FR","og_type":"article","og_title":"Mentions L\u00e9gales","og_description":"Mentions l\u00e9gales Le site internet www.brico-locations.com est \u00e9dit\u00e9 par :La soci\u00e9t\u00e9 JC INFO La soci\u00e9t\u00e9 JC INFO est immatricul\u00e9e au RCS de de Bordeaux sous le num\u00e9ro B 398 232 082 Si\u00e8ge social : 74 Rue Georges Bonnac 359 Jardins de Gambetta Tour 3, 33000 Bordeaux &#8211; FRANCE Adresse \u00e9lectronique : contact@brico-locations.com .","og_url":"https:\/\/brico-locations.com\/?page_id=4318","og_site_name":"Brico Locations","article_modified_time":"2025-07-16T06:44:08+00:00","og_image":[{"width":1890,"height":528,"url":"https:\/\/brico-locations.com\/wp-content\/uploads\/2025\/06\/bricolage.jpg","type":"image\/jpeg"}],"twitter_card":"summary_large_image","schema":{"@context":"https:\/\/schema.org","@graph":[{"@type":"WebPage","@id":"https:\/\/brico-locations.com\/?page_id=4318","url":"https:\/\/brico-locations.com\/?page_id=4318","name":"Mentions L\u00e9gales - Brico Locations","isPartOf":{"@id":"https:\/\/brico-locations.com\/#website"},"datePublished":"2025-07-16T06:37:06+00:00","dateModified":"2025-07-16T06:44:08+00:00","breadcrumb":{"@id":"https:\/\/brico-locations.com\/?page_id=4318#breadcrumb"},"inLanguage":"fr-FR","potentialAction":[{"@type":"ReadAction","target":["https:\/\/brico-locations.com\/?page_id=4318"]}]},{"@type":"BreadcrumbList","@id":"https:\/\/brico-locations.com\/?page_id=4318#breadcrumb","itemListElement":[{"@type":"ListItem","position":1,"name":"Home","item":"https:\/\/brico-locations.com\/"},{"@type":"ListItem","position":2,"name":"Mentions L\u00e9gales"}]},{"@type":"WebSite","@id":"https:\/\/brico-locations.com\/#website","url":"https:\/\/brico-locations.com\/","name":"Brico Locations","description":"Location de Materiel entre particuliers","publisher":{"@id":"https:\/\/brico-locations.com\/#organization"},"potentialAction":[{"@type":"SearchAction","target":{"@type":"EntryPoint","urlTemplate":"https:\/\/brico-locations.com\/?s={search_term_string}"},"query-input":{"@type":"PropertyValueSpecification","valueRequired":true,"valueName":"search_term_string"}}],"inLanguage":"fr-FR"},{"@type":"Organization","@id":"https:\/\/brico-locations.com\/#organization","name":"Brico Locations","url":"https:\/\/brico-locations.com\/","logo":{"@type":"ImageObject","inLanguage":"fr-FR","@id":"https:\/\/brico-locations.com\/#\/schema\/logo\/image\/","url":"https:\/\/brico-locations.com\/wp-content\/uploads\/2025\/07\/Untitled-design-84.png","contentUrl":"https:\/\/brico-locations.com\/wp-content\/uploads\/2025\/07\/Untitled-design-84.png","width":500,"height":200,"caption":"Brico Locations"},"image":{"@id":"https:\/\/brico-locations.com\/#\/schema\/logo\/image\/"}}]}},"acf":[],"_links":{"self":[{"href":"https:\/\/brico-locations.com\/index.php?rest_route=\/wp\/v2\/pages\/4318","targetHints":{"allow":["GET"]}}],"collection":[{"href":"https:\/\/brico-locations.com\/index.php?rest_route=\/wp\/v2\/pages"}],"about":[{"href":"https:\/\/brico-locations.com\/index.php?rest_route=\/wp\/v2\/types\/page"}],"author":[{"embeddable":true,"href":"https:\/\/brico-locations.com\/index.php?rest_route=\/wp\/v2\/users\/1"}],"replies":[{"embeddable":true,"href":"https:\/\/brico-locations.com\/index.php?rest_route=%2Fwp%2Fv2%2Fcomments&post=4318"}],"version-history":[{"count":4,"href":"https:\/\/brico-locations.com\/index.php?rest_route=\/wp\/v2\/pages\/4318\/revisions"}],"predecessor-version":[{"id":4323,"href":"https:\/\/brico-locations.com\/index.php?rest_route=\/wp\/v2\/pages\/4318\/revisions\/4323"}],"wp:attachment":[{"href":"https:\/\/brico-locations.com\/index.php?rest_route=%2Fwp%2Fv2%2Fmedia&parent=4318"}],"curies":[{"name":"wp","href":"https:\/\/api.w.org\/{rel}","templated":true}]}}