{"id":4486,"date":"2025-07-26T17:44:20","date_gmt":"2025-07-26T15:44:20","guid":{"rendered":"https:\/\/brico-locations.com\/?post_type=product&#038;p=4486"},"modified":"2025-08-01T06:51:45","modified_gmt":"2025-08-01T04:51:45","slug":"aspirateur-a-eau","status":"publish","type":"product","link":"https:\/\/brico-locations.com\/?product=aspirateur-a-eau","title":{"rendered":"Aspirateur a eau"},"content":{"rendered":"<h2 data-v-6f78aac4=\"\">PRODUIT DEMO NE PAS LOUER<\/h2>\n<h2 class=\"descriptionBlock__title --headingLarge\" data-v-6f78aac4=\"\">Caract\u00e9ristiques techniques<\/h2>\n<div class=\"productTechData__hasSimilarButton\" data-v-4cbc2774=\"\">\n<ul class=\"productTechData__specification\" data-v-4cbc2774=\"\">\n<li data-v-4cbc2774=\"\"><span class=\"--body\" data-v-4cbc2774=\"\">&#8211; nombre de vibrations 10500 min^-1<\/span><\/li>\n<li data-v-4cbc2774=\"\"><span class=\"--body\" data-v-4cbc2774=\"\">&#8211; circuit oscillant 5 mm<\/span><\/li>\n<li data-v-4cbc2774=\"\"><span class=\"--body\" data-v-4cbc2774=\"\">&#8211; diam\u00e8tre du disque de pon\u00e7age 150 mm<\/span><\/li>\n<\/ul>\n<dl class=\"productTechData__list\" data-v-4cbc2774=\"\">\n<dt class=\"productTechData__listTerm --body\" data-v-4cbc2774=\"\"><span class=\"--weightBold\" data-v-4cbc2774=\"\">Consommation d&rsquo;air<\/span><\/dt>\n<dd class=\"productTechData__listDefinition --body\" data-v-4cbc2774=\"\">\n<div class=\"--body productTechData__definitionDescription\" data-v-a10de048=\"\" data-v-4cbc2774=\"\">\n<p class=\"siSpacing\" data-v-a10de048=\"\"><span data-v-a10de048=\"\">100<\/span><span data-v-a10de048=\"\">l\/min<\/span><\/p>\n<\/div>\n<\/dd>\n<\/dl>\n<dl class=\"productTechData__list\" data-v-4cbc2774=\"\">\n<dt class=\"productTechData__listTerm --body\" data-v-4cbc2774=\"\"><span class=\"--weightBold\" data-v-4cbc2774=\"\">Pression de service (max.)<\/span><\/dt>\n<dd class=\"productTechData__listDefinition --body\" data-v-4cbc2774=\"\">\n<div class=\"--body productTechData__definitionDescription\" data-v-a10de048=\"\" data-v-4cbc2774=\"\">\n<p class=\"siSpacing\" data-v-a10de048=\"\"><span data-v-a10de048=\"\">6.3<\/span><span data-v-a10de048=\"\">bar<\/span><\/p>\n<\/div>\n<\/dd>\n<\/dl>\n<dl class=\"productTechData__list\" data-v-4cbc2774=\"\">\n<dt class=\"productTechData__listTerm --body\" data-v-4cbc2774=\"\"><span class=\"--weightBold\" data-v-4cbc2774=\"\">Poids<\/span><\/dt>\n<dd class=\"productTechData__listDefinition --body\" data-v-4cbc2774=\"\">\n<div class=\"--body productTechData__definitionDescription\" data-v-a10de048=\"\" data-v-4cbc2774=\"\">\n<p class=\"siSpacing\" data-v-a10de048=\"\"><span data-v-a10de048=\"\">0.84<\/span><span data-v-a10de048=\"\">kg<\/span><\/p>\n<\/div>\n<\/dd>\n<\/dl>\n<dl class=\"productTechData__list\" data-v-4cbc2774=\"\">\n<dt class=\"productTechData__listTerm --body\" data-v-4cbc2774=\"\"><span class=\"--weightBold\" data-v-4cbc2774=\"\">Type de produit<\/span><\/dt>\n<dd class=\"productTechData__listDefinition --body\" data-v-4cbc2774=\"\">\n<div class=\"--body productTechData__definitionDescription\" data-v-a10de048=\"\" data-v-4cbc2774=\"\">\n<p class=\"\" data-v-a10de048=\"\"><span data-v-a10de048=\"\">Ponceuse excentrique pneumatique<\/span><\/p>\n<\/div>\n<p data-v-a10de048=\"\"><strong>Caution : 100 Euros<\/strong><\/p>\n<\/dd>\n<\/dl>\n<\/div>\n","protected":false},"excerpt":{"rendered":"<p>PRODUIT DEMO NE PAS LOUER Caract\u00e9ristiques techniques &#8211; nombre de vibrations 10500 min^-1 &#8211; circuit oscillant 5 mm &#8211; diam\u00e8tre du disque de pon\u00e7age 150 mm Consommation d&rsquo;air 100l\/min Pression de service (max.) 6.3bar Poids 0.84kg Type de produit Ponceuse excentrique pneumatique Caution : 100 Euros<\/p>\n","protected":false},"featured_media":4247,"comment_status":"open","ping_status":"closed","template":"","meta":[],"product_brand":[],"product_cat":[126,127,111,125],"product_tag":[],"class_list":{"0":"post-4486","1":"product","2":"type-product","3":"status-publish","4":"has-post-thumbnail","6":"product_cat-aspirateur","7":"product_cat-aspirateur-eau-poussieres","8":"product_cat-meuleuse","9":"product_cat-nettoyage","11":"first","12":"instock","13":"featured","14":"shipping-taxable","15":"purchasable","16":"product-type-ovabrw_car_rental"},"yoast_head":"<!-- This site is optimized with the Yoast SEO Premium plugin v25.6 (Yoast SEO v26.7) - https:\/\/yoast.com\/wordpress\/plugins\/seo\/ -->\n<title>Aspirateur a eau - Brico Locations<\/title>\n<meta name=\"robots\" content=\"index, follow, max-snippet:-1, max-image-preview:large, max-video-preview:-1\" \/>\n<link rel=\"canonical\" href=\"https:\/\/brico-locations.com\/?product=aspirateur-a-eau\" \/>\n<meta property=\"og:locale\" content=\"fr_FR\" \/>\n<meta property=\"og:type\" content=\"article\" \/>\n<meta property=\"og:title\" content=\"Aspirateur a eau\" \/>\n<meta property=\"og:description\" content=\"PRODUIT DEMO NE PAS LOUER Caract\u00e9ristiques techniques &#8211; nombre de vibrations 10500 min^-1 &#8211; circuit oscillant 5 mm &#8211; diam\u00e8tre du disque de pon\u00e7age 150 mm Consommation d&rsquo;air 100l\/min Pression de service (max.) 6.3bar Poids 0.84kg Type de produit Ponceuse excentrique pneumatique Caution : 100 Euros\" \/>\n<meta property=\"og:url\" content=\"https:\/\/brico-locations.com\/?product=aspirateur-a-eau\" \/>\n<meta property=\"og:site_name\" content=\"Brico Locations\" \/>\n<meta property=\"article:modified_time\" content=\"2025-08-01T04:51:45+00:00\" \/>\n<meta property=\"og:image\" content=\"https:\/\/brico-locations.com\/wp-content\/uploads\/2025\/07\/media-1-1.jpg\" \/>\n\t<meta property=\"og:image:width\" content=\"900\" \/>\n\t<meta property=\"og:image:height\" content=\"600\" \/>\n\t<meta property=\"og:image:type\" content=\"image\/jpeg\" \/>\n<meta name=\"twitter:card\" content=\"summary_large_image\" \/>\n<script type=\"application\/ld+json\" class=\"yoast-schema-graph\">{\"@context\":\"https:\/\/schema.org\",\"@graph\":[{\"@type\":\"WebPage\",\"@id\":\"https:\/\/brico-locations.com\/?product=aspirateur-a-eau\",\"url\":\"https:\/\/brico-locations.com\/?product=aspirateur-a-eau\",\"name\":\"Aspirateur a eau - Brico Locations\",\"isPartOf\":{\"@id\":\"https:\/\/brico-locations.com\/#website\"},\"primaryImageOfPage\":{\"@id\":\"https:\/\/brico-locations.com\/?product=aspirateur-a-eau#primaryimage\"},\"image\":{\"@id\":\"https:\/\/brico-locations.com\/?product=aspirateur-a-eau#primaryimage\"},\"thumbnailUrl\":\"https:\/\/brico-locations.com\/wp-content\/uploads\/2025\/07\/media-1-1.jpg\",\"datePublished\":\"2025-07-26T15:44:20+00:00\",\"dateModified\":\"2025-08-01T04:51:45+00:00\",\"breadcrumb\":{\"@id\":\"https:\/\/brico-locations.com\/?product=aspirateur-a-eau#breadcrumb\"},\"inLanguage\":\"fr-FR\",\"potentialAction\":[{\"@type\":\"ReadAction\",\"target\":[\"https:\/\/brico-locations.com\/?product=aspirateur-a-eau\"]}]},{\"@type\":\"ImageObject\",\"inLanguage\":\"fr-FR\",\"@id\":\"https:\/\/brico-locations.com\/?product=aspirateur-a-eau#primaryimage\",\"url\":\"https:\/\/brico-locations.com\/wp-content\/uploads\/2025\/07\/media-1-1.jpg\",\"contentUrl\":\"https:\/\/brico-locations.com\/wp-content\/uploads\/2025\/07\/media-1-1.jpg\",\"width\":900,\"height\":600},{\"@type\":\"BreadcrumbList\",\"@id\":\"https:\/\/brico-locations.com\/?product=aspirateur-a-eau#breadcrumb\",\"itemListElement\":[{\"@type\":\"ListItem\",\"position\":1,\"name\":\"Home\",\"item\":\"https:\/\/brico-locations.com\/\"},{\"@type\":\"ListItem\",\"position\":2,\"name\":\"Shop\",\"item\":\"https:\/\/brico-locations.com\/?page_id=11\"},{\"@type\":\"ListItem\",\"position\":3,\"name\":\"Aspirateur a eau\"}]},{\"@type\":\"WebSite\",\"@id\":\"https:\/\/brico-locations.com\/#website\",\"url\":\"https:\/\/brico-locations.com\/\",\"name\":\"Brico Locations\",\"description\":\"Location de Materiel entre particuliers\",\"publisher\":{\"@id\":\"https:\/\/brico-locations.com\/#organization\"},\"potentialAction\":[{\"@type\":\"SearchAction\",\"target\":{\"@type\":\"EntryPoint\",\"urlTemplate\":\"https:\/\/brico-locations.com\/?s={search_term_string}\"},\"query-input\":{\"@type\":\"PropertyValueSpecification\",\"valueRequired\":true,\"valueName\":\"search_term_string\"}}],\"inLanguage\":\"fr-FR\"},{\"@type\":\"Organization\",\"@id\":\"https:\/\/brico-locations.com\/#organization\",\"name\":\"Brico Locations\",\"url\":\"https:\/\/brico-locations.com\/\",\"logo\":{\"@type\":\"ImageObject\",\"inLanguage\":\"fr-FR\",\"@id\":\"https:\/\/brico-locations.com\/#\/schema\/logo\/image\/\",\"url\":\"https:\/\/brico-locations.com\/wp-content\/uploads\/2025\/07\/Untitled-design-84.png\",\"contentUrl\":\"https:\/\/brico-locations.com\/wp-content\/uploads\/2025\/07\/Untitled-design-84.png\",\"width\":500,\"height\":200,\"caption\":\"Brico Locations\"},\"image\":{\"@id\":\"https:\/\/brico-locations.com\/#\/schema\/logo\/image\/\"}}]}<\/script>\n<!-- \/ Yoast SEO Premium plugin. -->","yoast_head_json":{"title":"Aspirateur a eau - Brico Locations","robots":{"index":"index","follow":"follow","max-snippet":"max-snippet:-1","max-image-preview":"max-image-preview:large","max-video-preview":"max-video-preview:-1"},"canonical":"https:\/\/brico-locations.com\/?product=aspirateur-a-eau","og_locale":"fr_FR","og_type":"article","og_title":"Aspirateur a eau","og_description":"PRODUIT DEMO NE PAS LOUER Caract\u00e9ristiques techniques &#8211; nombre de vibrations 10500 min^-1 &#8211; circuit oscillant 5 mm &#8211; diam\u00e8tre du disque de pon\u00e7age 150 mm Consommation d&rsquo;air 100l\/min Pression de service (max.) 6.3bar Poids 0.84kg Type de produit Ponceuse excentrique pneumatique Caution : 100 Euros","og_url":"https:\/\/brico-locations.com\/?product=aspirateur-a-eau","og_site_name":"Brico Locations","article_modified_time":"2025-08-01T04:51:45+00:00","og_image":[{"width":900,"height":600,"url":"https:\/\/brico-locations.com\/wp-content\/uploads\/2025\/07\/media-1-1.jpg","type":"image\/jpeg"}],"twitter_card":"summary_large_image","schema":{"@context":"https:\/\/schema.org","@graph":[{"@type":"WebPage","@id":"https:\/\/brico-locations.com\/?product=aspirateur-a-eau","url":"https:\/\/brico-locations.com\/?product=aspirateur-a-eau","name":"Aspirateur a eau - Brico Locations","isPartOf":{"@id":"https:\/\/brico-locations.com\/#website"},"primaryImageOfPage":{"@id":"https:\/\/brico-locations.com\/?product=aspirateur-a-eau#primaryimage"},"image":{"@id":"https:\/\/brico-locations.com\/?product=aspirateur-a-eau#primaryimage"},"thumbnailUrl":"https:\/\/brico-locations.com\/wp-content\/uploads\/2025\/07\/media-1-1.jpg","datePublished":"2025-07-26T15:44:20+00:00","dateModified":"2025-08-01T04:51:45+00:00","breadcrumb":{"@id":"https:\/\/brico-locations.com\/?product=aspirateur-a-eau#breadcrumb"},"inLanguage":"fr-FR","potentialAction":[{"@type":"ReadAction","target":["https:\/\/brico-locations.com\/?product=aspirateur-a-eau"]}]},{"@type":"ImageObject","inLanguage":"fr-FR","@id":"https:\/\/brico-locations.com\/?product=aspirateur-a-eau#primaryimage","url":"https:\/\/brico-locations.com\/wp-content\/uploads\/2025\/07\/media-1-1.jpg","contentUrl":"https:\/\/brico-locations.com\/wp-content\/uploads\/2025\/07\/media-1-1.jpg","width":900,"height":600},{"@type":"BreadcrumbList","@id":"https:\/\/brico-locations.com\/?product=aspirateur-a-eau#breadcrumb","itemListElement":[{"@type":"ListItem","position":1,"name":"Home","item":"https:\/\/brico-locations.com\/"},{"@type":"ListItem","position":2,"name":"Shop","item":"https:\/\/brico-locations.com\/?page_id=11"},{"@type":"ListItem","position":3,"name":"Aspirateur a eau"}]},{"@type":"WebSite","@id":"https:\/\/brico-locations.com\/#website","url":"https:\/\/brico-locations.com\/","name":"Brico Locations","description":"Location de Materiel entre particuliers","publisher":{"@id":"https:\/\/brico-locations.com\/#organization"},"potentialAction":[{"@type":"SearchAction","target":{"@type":"EntryPoint","urlTemplate":"https:\/\/brico-locations.com\/?s={search_term_string}"},"query-input":{"@type":"PropertyValueSpecification","valueRequired":true,"valueName":"search_term_string"}}],"inLanguage":"fr-FR"},{"@type":"Organization","@id":"https:\/\/brico-locations.com\/#organization","name":"Brico Locations","url":"https:\/\/brico-locations.com\/","logo":{"@type":"ImageObject","inLanguage":"fr-FR","@id":"https:\/\/brico-locations.com\/#\/schema\/logo\/image\/","url":"https:\/\/brico-locations.com\/wp-content\/uploads\/2025\/07\/Untitled-design-84.png","contentUrl":"https:\/\/brico-locations.com\/wp-content\/uploads\/2025\/07\/Untitled-design-84.png","width":500,"height":200,"caption":"Brico Locations"},"image":{"@id":"https:\/\/brico-locations.com\/#\/schema\/logo\/image\/"}}]}},"acf":[],"_links":{"self":[{"href":"https:\/\/brico-locations.com\/index.php?rest_route=\/wp\/v2\/product\/4486","targetHints":{"allow":["GET"]}}],"collection":[{"href":"https:\/\/brico-locations.com\/index.php?rest_route=\/wp\/v2\/product"}],"about":[{"href":"https:\/\/brico-locations.com\/index.php?rest_route=\/wp\/v2\/types\/product"}],"replies":[{"embeddable":true,"href":"https:\/\/brico-locations.com\/index.php?rest_route=%2Fwp%2Fv2%2Fcomments&post=4486"}],"version-history":[{"count":2,"href":"https:\/\/brico-locations.com\/index.php?rest_route=\/wp\/v2\/product\/4486\/revisions"}],"predecessor-version":[{"id":4523,"href":"https:\/\/brico-locations.com\/index.php?rest_route=\/wp\/v2\/product\/4486\/revisions\/4523"}],"wp:featuredmedia":[{"embeddable":true,"href":"https:\/\/brico-locations.com\/index.php?rest_route=\/wp\/v2\/media\/4247"}],"wp:attachment":[{"href":"https:\/\/brico-locations.com\/index.php?rest_route=%2Fwp%2Fv2%2Fmedia&parent=4486"}],"wp:term":[{"taxonomy":"product_brand","embeddable":true,"href":"https:\/\/brico-locations.com\/index.php?rest_route=%2Fwp%2Fv2%2Fproduct_brand&post=4486"},{"taxonomy":"product_cat","embeddable":true,"href":"https:\/\/brico-locations.com\/index.php?rest_route=%2Fwp%2Fv2%2Fproduct_cat&post=4486"},{"taxonomy":"product_tag","embeddable":true,"href":"https:\/\/brico-locations.com\/index.php?rest_route=%2Fwp%2Fv2%2Fproduct_tag&post=4486"}],"curies":[{"name":"wp","href":"https:\/\/api.w.org\/{rel}","templated":true}]}}